{"id":16,"date":"2025-10-29T13:13:29","date_gmt":"2025-10-29T13:13:29","guid":{"rendered":"https:\/\/barciudadela.rkinformatika.online\/?page_id=16"},"modified":"2025-10-30T11:57:55","modified_gmt":"2025-10-30T11:57:55","slug":"servicios","status":"publish","type":"page","link":"https:\/\/barciudadela.com\/eu\/servicios\/","title":{"rendered":"Zerbitzuak"},"content":{"rendered":"\t\t<div data-elementor-type=\"wp-page\" data-elementor-id=\"16\" class=\"elementor elementor-16\" data-elementor-post-type=\"page\">\n\t\t\t\t<div class=\"elementor-element elementor-element-2b2eb56 e-flex e-con-boxed e-con e-parent\" data-id=\"2b2eb56\" data-element_type=\"container\" data-e-type=\"container\" data-settings=\"{&quot;background_background&quot;:&quot;slideshow&quot;,&quot;background_slideshow_gallery&quot;:[{&quot;id&quot;:249,&quot;url&quot;:&quot;https:\\\/\\\/barciudadela.com\\\/wp-content\\\/uploads\\\/2025\\\/10\\\/banner-6.png&quot;},{&quot;id&quot;:250,&quot;url&quot;:&quot;https:\\\/\\\/barciudadela.com\\\/wp-content\\\/uploads\\\/2025\\\/10\\\/banner-5-1.jpg&quot;}],&quot;background_slideshow_lazyload&quot;:&quot;yes&quot;,&quot;background_slideshow_ken_burns&quot;:&quot;yes&quot;,&quot;background_slideshow_loop&quot;:&quot;yes&quot;,&quot;background_slideshow_slide_duration&quot;:5000,&quot;background_slideshow_slide_transition&quot;:&quot;fade&quot;,&quot;background_slideshow_transition_duration&quot;:500,&quot;background_slideshow_ken_burns_zoom_direction&quot;:&quot;in&quot;}\">\n\t\t\t\t\t<div class=\"e-con-inner\">\n\t\t<div class=\"elementor-element elementor-element-de41391 e-con-full e-flex e-con e-child\" data-id=\"de41391\" data-element_type=\"container\" data-e-type=\"container\">\n\t\t\t\t<div class=\"elementor-element elementor-element-59c1835 elementor-widget elementor-widget-heading\" data-id=\"59c1835\" data-element_type=\"widget\" data-e-type=\"widget\" data-widget_type=\"heading.default\">\n\t\t\t\t\t<h2 class=\"elementor-heading-title elementor-size-default\">vive la experiencia Bar CIUDADELA<\/h2>\t\t\t\t<\/div>\n\t\t\t\t<div class=\"elementor-element elementor-element-e2a106c elementor-widget elementor-widget-heading\" data-id=\"e2a106c\" data-element_type=\"widget\" data-e-type=\"widget\" data-widget_type=\"heading.default\">\n\t\t\t\t\t<h2 class=\"elementor-heading-title elementor-size-default\">\u00a1Te esperamos|<\/h2>\t\t\t\t<\/div>\n\t\t\t\t<\/div>\n\t\t\t\t\t<\/div>\n\t\t\t\t<\/div>\n\t\t<div class=\"elementor-element elementor-element-cf287eb e-flex e-con-boxed e-con e-parent\" data-id=\"cf287eb\" data-element_type=\"container\" data-e-type=\"container\">\n\t\t\t\t\t<div class=\"e-con-inner\">\n\t\t<div class=\"elementor-element elementor-element-50de3b6 e-con-full e-flex e-con e-child\" data-id=\"50de3b6\" data-element_type=\"container\" data-e-type=\"container\">\n\t\t\t\t<div class=\"elementor-element elementor-element-3a9e394 elementor-widget elementor-widget-heading\" data-id=\"3a9e394\" data-element_type=\"widget\" data-e-type=\"widget\" data-widget_type=\"heading.default\">\n\t\t\t\t\t<h2 class=\"elementor-heading-title elementor-size-default\">Cafeter\u00eda<\/h2>\t\t\t\t<\/div>\n\t\t\t\t<div class=\"elementor-element elementor-element-9a07d5e elementor-widget elementor-widget-text-editor\" data-id=\"9a07d5e\" data-element_type=\"widget\" data-e-type=\"widget\" data-widget_type=\"text-editor.default\">\n\t\t\t\t\t\t\t\t\t<p>Comienza el d\u00eda con energ\u00eda. Te ofrecemos una amplia variedad de caf\u00e9s, infusiones y chocolates calientes, acompa\u00f1ados de boller\u00eda reci\u00e9n horneada, tostadas crujientes y zumos naturales.<br data-start=\"719\" data-end=\"722\" \/>Ideal para empezar la ma\u00f1ana con una sonrisa o para tomarte un respiro a media ma\u00f1ana.<\/p>\t\t\t\t\t\t\t\t<\/div>\n\t\t\t\t<\/div>\n\t\t<div class=\"elementor-element elementor-element-516da7e e-con-full e-flex e-con e-child\" data-id=\"516da7e\" data-element_type=\"container\" data-e-type=\"container\">\n\t\t\t\t<div class=\"elementor-element elementor-element-c74bf21 elementor-widget elementor-widget-image\" data-id=\"c74bf21\" data-element_type=\"widget\" data-e-type=\"widget\" data-widget_type=\"image.default\">\n\t\t\t\t\t\t\t\t\t\t\t\t\t\t\t<img fetchpriority=\"high\" decoding=\"async\" width=\"800\" height=\"534\" src=\"https:\/\/barciudadela.com\/wp-content\/uploads\/2025\/10\/6851-1024x683.jpg\" class=\"attachment-large size-large wp-image-237\" alt=\"\" srcset=\"https:\/\/barciudadela.com\/wp-content\/uploads\/2025\/10\/6851-1024x683.jpg 1024w, https:\/\/barciudadela.com\/wp-content\/uploads\/2025\/10\/6851-300x200.jpg 300w, https:\/\/barciudadela.com\/wp-content\/uploads\/2025\/10\/6851-768x512.jpg 768w, https:\/\/barciudadela.com\/wp-content\/uploads\/2025\/10\/6851-18x12.jpg 18w, https:\/\/barciudadela.com\/wp-content\/uploads\/2025\/10\/6851.jpg 1500w\" sizes=\"(max-width: 800px) 100vw, 800px\" \/>\t\t\t\t\t\t\t\t\t\t\t\t\t\t\t<\/div>\n\t\t\t\t<\/div>\n\t\t<div class=\"elementor-element elementor-element-b91ae85 e-con-full e-flex e-con e-child\" data-id=\"b91ae85\" data-element_type=\"container\" data-e-type=\"container\">\n\t\t\t\t<div class=\"elementor-element elementor-element-d8bbbb4 elementor-widget elementor-widget-image\" data-id=\"d8bbbb4\" data-element_type=\"widget\" data-e-type=\"widget\" data-widget_type=\"image.default\">\n\t\t\t\t\t\t\t\t\t\t\t\t\t\t\t<img decoding=\"async\" width=\"800\" height=\"534\" src=\"https:\/\/barciudadela.com\/wp-content\/uploads\/2025\/10\/7-1024x683.jpg\" class=\"attachment-large size-large wp-image-266\" alt=\"\" srcset=\"https:\/\/barciudadela.com\/wp-content\/uploads\/2025\/10\/7-1024x683.jpg 1024w, https:\/\/barciudadela.com\/wp-content\/uploads\/2025\/10\/7-300x200.jpg 300w, https:\/\/barciudadela.com\/wp-content\/uploads\/2025\/10\/7-768x512.jpg 768w, https:\/\/barciudadela.com\/wp-content\/uploads\/2025\/10\/7-18x12.jpg 18w, https:\/\/barciudadela.com\/wp-content\/uploads\/2025\/10\/7.jpg 1500w\" sizes=\"(max-width: 800px) 100vw, 800px\" \/>\t\t\t\t\t\t\t\t\t\t\t\t\t\t\t<\/div>\n\t\t\t\t<\/div>\n\t\t<div class=\"elementor-element elementor-element-cc87015 e-con-full e-flex e-con e-child\" data-id=\"cc87015\" data-element_type=\"container\" data-e-type=\"container\">\n\t\t\t\t<div class=\"elementor-element elementor-element-11cee20 elementor-widget elementor-widget-heading\" data-id=\"11cee20\" data-element_type=\"widget\" data-e-type=\"widget\" data-widget_type=\"heading.default\">\n\t\t\t\t\t<h2 class=\"elementor-heading-title elementor-size-default\">Cockteles<\/h2>\t\t\t\t<\/div>\n\t\t\t\t<div class=\"elementor-element elementor-element-69e09d6 elementor-widget elementor-widget-text-editor\" data-id=\"69e09d6\" data-element_type=\"widget\" data-e-type=\"widget\" data-widget_type=\"text-editor.default\">\n\t\t\t\t\t\t\t\t\t<p>D\u00e9jate sorprender por nuestra selecci\u00f3n de c\u00f3cteles \u00fanicos, preparados con ingredientes frescos y combinaciones irresistibles. Desde los cl\u00e1sicos m\u00e1s conocidos hasta creaciones exclusivas, cada trago es una experiencia para disfrutar en buena compa\u00f1\u00eda.<\/p>\t\t\t\t\t\t\t\t<\/div>\n\t\t\t\t<\/div>\n\t\t<div class=\"elementor-element elementor-element-b00b899 e-con-full e-flex e-con e-child\" data-id=\"b00b899\" data-element_type=\"container\" data-e-type=\"container\">\n\t\t\t\t<div class=\"elementor-element elementor-element-77a15b5 elementor-widget elementor-widget-heading\" data-id=\"77a15b5\" data-element_type=\"widget\" data-e-type=\"widget\" data-widget_type=\"heading.default\">\n\t\t\t\t\t<h2 class=\"elementor-heading-title elementor-size-default\">Pintxos Variados<\/h2>\t\t\t\t<\/div>\n\t\t\t\t<div class=\"elementor-element elementor-element-bc7f72f elementor-widget elementor-widget-text-editor\" data-id=\"bc7f72f\" data-element_type=\"widget\" data-e-type=\"widget\" data-widget_type=\"text-editor.default\">\n\t\t\t\t\t\t\t\t\t<p>El alma de nuestro bar. Cada d\u00eda encontrar\u00e1s una selecci\u00f3n de pintxos fr\u00edos y calientes, desde los m\u00e1s tradicionales hasta opciones m\u00e1s creativas.<br data-start=\"1302\" data-end=\"1305\" \/>Tortilla de patata, croquetas caseras, gildas, mini hamburguesas, pintxos de mar y tierra\u2026 \u00a1una variedad que cambia constantemente para que siempre haya algo nuevo que probar!<\/p>\t\t\t\t\t\t\t\t<\/div>\n\t\t\t\t<\/div>\n\t\t<div class=\"elementor-element elementor-element-f619187 e-con-full e-flex e-con e-child\" data-id=\"f619187\" data-element_type=\"container\" data-e-type=\"container\">\n\t\t\t\t<div class=\"elementor-element elementor-element-adafdbc elementor-widget elementor-widget-image\" data-id=\"adafdbc\" data-element_type=\"widget\" data-e-type=\"widget\" data-widget_type=\"image.default\">\n\t\t\t\t\t\t\t\t\t\t\t\t\t\t\t<img decoding=\"async\" width=\"800\" height=\"534\" src=\"https:\/\/barciudadela.com\/wp-content\/uploads\/2025\/10\/21819-1024x683.jpg\" class=\"attachment-large size-large wp-image-168\" alt=\"\" srcset=\"https:\/\/barciudadela.com\/wp-content\/uploads\/2025\/10\/21819-1024x683.jpg 1024w, https:\/\/barciudadela.com\/wp-content\/uploads\/2025\/10\/21819-300x200.jpg 300w, https:\/\/barciudadela.com\/wp-content\/uploads\/2025\/10\/21819-768x512.jpg 768w, https:\/\/barciudadela.com\/wp-content\/uploads\/2025\/10\/21819-18x12.jpg 18w, https:\/\/barciudadela.com\/wp-content\/uploads\/2025\/10\/21819.jpg 1500w\" sizes=\"(max-width: 800px) 100vw, 800px\" \/>\t\t\t\t\t\t\t\t\t\t\t\t\t\t\t<\/div>\n\t\t\t\t<\/div>\n\t\t\t\t\t<\/div>\n\t\t\t\t<\/div>\n\t\t\t\t<section class=\"elementor-section elementor-top-section elementor-element elementor-element-f85cd47 elementor-section-boxed elementor-section-height-default elementor-section-height-default\" data-id=\"f85cd47\" data-element_type=\"section\" data-e-type=\"section\" data-settings=\"{&quot;background_background&quot;:&quot;classic&quot;}\">\n\t\t\t\t\t\t\t<div class=\"elementor-background-overlay\"><\/div>\n\t\t\t\t\t\t\t<div class=\"elementor-container elementor-column-gap-default\">\n\t\t\t\t\t<div class=\"elementor-column elementor-col-100 elementor-top-column elementor-element elementor-element-dec0dc4\" data-id=\"dec0dc4\" data-element_type=\"column\" data-e-type=\"column\">\n\t\t\t<div class=\"elementor-widget-wrap elementor-element-populated\">\n\t\t\t\t\t\t<div class=\"elementor-element elementor-element-ab908f1 elementor-widget elementor-widget-heading\" data-id=\"ab908f1\" data-element_type=\"widget\" data-e-type=\"widget\" data-widget_type=\"heading.default\">\n\t\t\t\t\t<h2 class=\"elementor-heading-title elementor-size-default\">Escr\u00edbenos o vis\u00edtanos<\/h2>\t\t\t\t<\/div>\n\t\t\t\t<div class=\"elementor-element elementor-element-dab5d55 elementor-widget elementor-widget-text-editor\" data-id=\"dab5d55\" data-element_type=\"widget\" data-e-type=\"widget\" data-widget_type=\"text-editor.default\">\n\t\t\t\t\t\t\t\t\t<p data-start=\"492\" data-end=\"603\">Si quieres conocernos mejor o hacer un encargo, no dudes en contactarnos.<\/p>\t\t\t\t\t\t\t\t<\/div>\n\t\t\t\t<div class=\"elementor-element elementor-element-070708e elementor-align-center elementor-widget elementor-widget-button\" data-id=\"070708e\" data-element_type=\"widget\" data-e-type=\"widget\" data-widget_type=\"button.default\">\n\t\t\t\t\t\t\t\t\t\t<a class=\"elementor-button elementor-button-link elementor-size-sm elementor-animation-hang\" href=\"https:\/\/barciudadela.com\/contacto\/\">\n\t\t\t\t\t\t<span class=\"elementor-button-content-wrapper\">\n\t\t\t\t\t\t\t\t\t<span class=\"elementor-button-text\">Contactanos<\/span>\n\t\t\t\t\t<\/span>\n\t\t\t\t\t<\/a>\n\t\t\t\t\t\t\t\t<\/div>\n\t\t\t\t\t<\/div>\n\t\t<\/div>\n\t\t\t\t\t<\/div>\n\t\t<\/section>\n\t\t\t\t<\/div>\n\t\t","protected":false},"excerpt":{"rendered":"<p>vive la experiencia Bar CIUDADELA \u00a1Te esperamos| Cafeter\u00eda Comienza el d\u00eda con energ\u00eda. Te ofrecemos una amplia variedad de caf\u00e9s, infusiones y chocolates calientes, acompa\u00f1ados de boller\u00eda reci\u00e9n horneada, tostadas crujientes y zumos naturales.Ideal para empezar la ma\u00f1ana con una sonrisa o para tomarte un respiro a media ma\u00f1ana. Cockteles D\u00e9jate sorprender por nuestra selecci\u00f3n [&hellip;]<\/p>\n","protected":false},"author":1,"featured_media":0,"parent":0,"menu_order":0,"comment_status":"closed","ping_status":"closed","template":"elementor_canvas","meta":{"footnotes":""},"class_list":["post-16","page","type-page","status-publish","hentry"],"yoast_head":"<!-- This site is optimized with the Yoast SEO plugin v27.3 - https:\/\/yoast.com\/product\/yoast-seo-wordpress\/ -->\n<title>Servicios - Bar Ciudadela<\/title>\n<meta name=\"robots\" content=\"index, follow, max-snippet:-1, max-image-preview:large, max-video-preview:-1\" \/>\n<link rel=\"canonical\" href=\"https:\/\/barciudadela.com\/eu\/servicios\/\" \/>\n<meta property=\"og:locale\" content=\"en_US\" \/>\n<meta property=\"og:type\" content=\"article\" \/>\n<meta property=\"og:title\" content=\"Servicios - Bar Ciudadela\" \/>\n<meta property=\"og:description\" content=\"vive la experiencia Bar CIUDADELA \u00a1Te esperamos| Cafeter\u00eda Comienza el d\u00eda con energ\u00eda. Te ofrecemos una amplia variedad de caf\u00e9s, infusiones y chocolates calientes, acompa\u00f1ados de boller\u00eda reci\u00e9n horneada, tostadas crujientes y zumos naturales.Ideal para empezar la ma\u00f1ana con una sonrisa o para tomarte un respiro a media ma\u00f1ana. Cockteles D\u00e9jate sorprender por nuestra selecci\u00f3n [&hellip;]\" \/>\n<meta property=\"og:url\" content=\"https:\/\/barciudadela.com\/eu\/servicios\/\" \/>\n<meta property=\"og:site_name\" content=\"Bar Ciudadela\" \/>\n<meta property=\"article:modified_time\" content=\"2025-10-30T11:57:55+00:00\" \/>\n<meta property=\"og:image\" content=\"https:\/\/barciudadela.com\/wp-content\/uploads\/2025\/10\/6851.jpg\" \/>\n\t<meta property=\"og:image:width\" content=\"1500\" \/>\n\t<meta property=\"og:image:height\" content=\"1000\" \/>\n\t<meta property=\"og:image:type\" content=\"image\/jpeg\" \/>\n<meta name=\"twitter:card\" content=\"summary_large_image\" \/>\n<meta name=\"twitter:label1\" content=\"Est. reading time\" \/>\n\t<meta name=\"twitter:data1\" content=\"1 minutua\" \/>\n<script type=\"application\/ld+json\" class=\"yoast-schema-graph\">{\"@context\":\"https:\\\/\\\/schema.org\",\"@graph\":[{\"@type\":\"WebPage\",\"@id\":\"https:\\\/\\\/barciudadela.com\\\/servicios\\\/\",\"url\":\"https:\\\/\\\/barciudadela.com\\\/servicios\\\/\",\"name\":\"Servicios - Bar Ciudadela\",\"isPartOf\":{\"@id\":\"https:\\\/\\\/barciudadela.com\\\/#website\"},\"primaryImageOfPage\":{\"@id\":\"https:\\\/\\\/barciudadela.com\\\/servicios\\\/#primaryimage\"},\"image\":{\"@id\":\"https:\\\/\\\/barciudadela.com\\\/servicios\\\/#primaryimage\"},\"thumbnailUrl\":\"https:\\\/\\\/barciudadela.com\\\/wp-content\\\/uploads\\\/2025\\\/10\\\/6851-1024x683.jpg\",\"datePublished\":\"2025-10-29T13:13:29+00:00\",\"dateModified\":\"2025-10-30T11:57:55+00:00\",\"breadcrumb\":{\"@id\":\"https:\\\/\\\/barciudadela.com\\\/servicios\\\/#breadcrumb\"},\"inLanguage\":\"eu\",\"potentialAction\":[{\"@type\":\"ReadAction\",\"target\":[\"https:\\\/\\\/barciudadela.com\\\/servicios\\\/\"]}]},{\"@type\":\"ImageObject\",\"inLanguage\":\"eu\",\"@id\":\"https:\\\/\\\/barciudadela.com\\\/servicios\\\/#primaryimage\",\"url\":\"https:\\\/\\\/barciudadela.com\\\/wp-content\\\/uploads\\\/2025\\\/10\\\/6851-1024x683.jpg\",\"contentUrl\":\"https:\\\/\\\/barciudadela.com\\\/wp-content\\\/uploads\\\/2025\\\/10\\\/6851-1024x683.jpg\"},{\"@type\":\"BreadcrumbList\",\"@id\":\"https:\\\/\\\/barciudadela.com\\\/servicios\\\/#breadcrumb\",\"itemListElement\":[{\"@type\":\"ListItem\",\"position\":1,\"name\":\"Portada\",\"item\":\"https:\\\/\\\/barciudadela.com\\\/\"},{\"@type\":\"ListItem\",\"position\":2,\"name\":\"Servicios\"}]},{\"@type\":\"WebSite\",\"@id\":\"https:\\\/\\\/barciudadela.com\\\/#website\",\"url\":\"https:\\\/\\\/barciudadela.com\\\/\",\"name\":\"Bar Ciudadela\",\"description\":\"\",\"publisher\":{\"@id\":\"https:\\\/\\\/barciudadela.com\\\/#organization\"},\"potentialAction\":[{\"@type\":\"SearchAction\",\"target\":{\"@type\":\"EntryPoint\",\"urlTemplate\":\"https:\\\/\\\/barciudadela.com\\\/?s={search_term_string}\"},\"query-input\":{\"@type\":\"PropertyValueSpecification\",\"valueRequired\":true,\"valueName\":\"search_term_string\"}}],\"inLanguage\":\"eu\"},{\"@type\":\"Organization\",\"@id\":\"https:\\\/\\\/barciudadela.com\\\/#organization\",\"name\":\"Bar Ciudadela\",\"url\":\"https:\\\/\\\/barciudadela.com\\\/\",\"logo\":{\"@type\":\"ImageObject\",\"inLanguage\":\"eu\",\"@id\":\"https:\\\/\\\/barciudadela.com\\\/#\\\/schema\\\/logo\\\/image\\\/\",\"url\":\"https:\\\/\\\/barciudadela.com\\\/wp-content\\\/uploads\\\/2025\\\/10\\\/cropped-Fisioterapia-general-1.png\",\"contentUrl\":\"https:\\\/\\\/barciudadela.com\\\/wp-content\\\/uploads\\\/2025\\\/10\\\/cropped-Fisioterapia-general-1.png\",\"width\":975,\"height\":983,\"caption\":\"Bar Ciudadela\"},\"image\":{\"@id\":\"https:\\\/\\\/barciudadela.com\\\/#\\\/schema\\\/logo\\\/image\\\/\"}}]}<\/script>\n<!-- \/ Yoast SEO plugin. -->","yoast_head_json":{"title":"Servicios - Bar Ciudadela","robots":{"index":"index","follow":"follow","max-snippet":"max-snippet:-1","max-image-preview":"max-image-preview:large","max-video-preview":"max-video-preview:-1"},"canonical":"https:\/\/barciudadela.com\/eu\/servicios\/","og_locale":"en_US","og_type":"article","og_title":"Servicios - Bar Ciudadela","og_description":"vive la experiencia Bar CIUDADELA \u00a1Te esperamos| Cafeter\u00eda Comienza el d\u00eda con energ\u00eda. Te ofrecemos una amplia variedad de caf\u00e9s, infusiones y chocolates calientes, acompa\u00f1ados de boller\u00eda reci\u00e9n horneada, tostadas crujientes y zumos naturales.Ideal para empezar la ma\u00f1ana con una sonrisa o para tomarte un respiro a media ma\u00f1ana. Cockteles D\u00e9jate sorprender por nuestra selecci\u00f3n [&hellip;]","og_url":"https:\/\/barciudadela.com\/eu\/servicios\/","og_site_name":"Bar Ciudadela","article_modified_time":"2025-10-30T11:57:55+00:00","og_image":[{"width":1500,"height":1000,"url":"https:\/\/barciudadela.com\/wp-content\/uploads\/2025\/10\/6851.jpg","type":"image\/jpeg"}],"twitter_card":"summary_large_image","twitter_misc":{"Est. reading time":"1 minutua"},"schema":{"@context":"https:\/\/schema.org","@graph":[{"@type":"WebPage","@id":"https:\/\/barciudadela.com\/servicios\/","url":"https:\/\/barciudadela.com\/servicios\/","name":"Servicios - Bar Ciudadela","isPartOf":{"@id":"https:\/\/barciudadela.com\/#website"},"primaryImageOfPage":{"@id":"https:\/\/barciudadela.com\/servicios\/#primaryimage"},"image":{"@id":"https:\/\/barciudadela.com\/servicios\/#primaryimage"},"thumbnailUrl":"https:\/\/barciudadela.com\/wp-content\/uploads\/2025\/10\/6851-1024x683.jpg","datePublished":"2025-10-29T13:13:29+00:00","dateModified":"2025-10-30T11:57:55+00:00","breadcrumb":{"@id":"https:\/\/barciudadela.com\/servicios\/#breadcrumb"},"inLanguage":"eu","potentialAction":[{"@type":"ReadAction","target":["https:\/\/barciudadela.com\/servicios\/"]}]},{"@type":"ImageObject","inLanguage":"eu","@id":"https:\/\/barciudadela.com\/servicios\/#primaryimage","url":"https:\/\/barciudadela.com\/wp-content\/uploads\/2025\/10\/6851-1024x683.jpg","contentUrl":"https:\/\/barciudadela.com\/wp-content\/uploads\/2025\/10\/6851-1024x683.jpg"},{"@type":"BreadcrumbList","@id":"https:\/\/barciudadela.com\/servicios\/#breadcrumb","itemListElement":[{"@type":"ListItem","position":1,"name":"Portada","item":"https:\/\/barciudadela.com\/"},{"@type":"ListItem","position":2,"name":"Servicios"}]},{"@type":"WebSite","@id":"https:\/\/barciudadela.com\/#website","url":"https:\/\/barciudadela.com\/","name":"Bar Ciudadela","description":"","publisher":{"@id":"https:\/\/barciudadela.com\/#organization"},"potentialAction":[{"@type":"SearchAction","target":{"@type":"EntryPoint","urlTemplate":"https:\/\/barciudadela.com\/?s={search_term_string}"},"query-input":{"@type":"PropertyValueSpecification","valueRequired":true,"valueName":"search_term_string"}}],"inLanguage":"eu"},{"@type":"Organization","@id":"https:\/\/barciudadela.com\/#organization","name":"Bar Ciudadela","url":"https:\/\/barciudadela.com\/","logo":{"@type":"ImageObject","inLanguage":"eu","@id":"https:\/\/barciudadela.com\/#\/schema\/logo\/image\/","url":"https:\/\/barciudadela.com\/wp-content\/uploads\/2025\/10\/cropped-Fisioterapia-general-1.png","contentUrl":"https:\/\/barciudadela.com\/wp-content\/uploads\/2025\/10\/cropped-Fisioterapia-general-1.png","width":975,"height":983,"caption":"Bar Ciudadela"},"image":{"@id":"https:\/\/barciudadela.com\/#\/schema\/logo\/image\/"}}]}},"_links":{"self":[{"href":"https:\/\/barciudadela.com\/eu\/wp-json\/wp\/v2\/pages\/16","targetHints":{"allow":["GET"]}}],"collection":[{"href":"https:\/\/barciudadela.com\/eu\/wp-json\/wp\/v2\/pages"}],"about":[{"href":"https:\/\/barciudadela.com\/eu\/wp-json\/wp\/v2\/types\/page"}],"author":[{"embeddable":true,"href":"https:\/\/barciudadela.com\/eu\/wp-json\/wp\/v2\/users\/1"}],"replies":[{"embeddable":true,"href":"https:\/\/barciudadela.com\/eu\/wp-json\/wp\/v2\/comments?post=16"}],"version-history":[{"count":40,"href":"https:\/\/barciudadela.com\/eu\/wp-json\/wp\/v2\/pages\/16\/revisions"}],"predecessor-version":[{"id":281,"href":"https:\/\/barciudadela.com\/eu\/wp-json\/wp\/v2\/pages\/16\/revisions\/281"}],"wp:attachment":[{"href":"https:\/\/barciudadela.com\/eu\/wp-json\/wp\/v2\/media?parent=16"}],"curies":[{"name":"wp","href":"https:\/\/api.w.org\/{rel}","templated":true}]}}