{"id":2,"date":"2025-10-09T13:35:27","date_gmt":"2025-10-09T13:35:27","guid":{"rendered":"https:\/\/barciudadela.rkinformatika.online\/?page_id=2"},"modified":"2025-10-30T11:32:14","modified_gmt":"2025-10-30T11:32:14","slug":"inicio","status":"publish","type":"page","link":"https:\/\/barciudadela.com\/eu\/","title":{"rendered":"Hasiera"},"content":{"rendered":"\t\t<div data-elementor-type=\"wp-page\" data-elementor-id=\"2\" class=\"elementor elementor-2\" data-elementor-post-type=\"page\">\n\t\t\t\t<div class=\"elementor-element elementor-element-6e3c46e e-flex e-con-boxed e-con e-parent\" data-id=\"6e3c46e\" data-element_type=\"container\" data-e-type=\"container\" data-settings=\"{&quot;background_background&quot;:&quot;slideshow&quot;,&quot;background_slideshow_gallery&quot;:[{&quot;id&quot;:176,&quot;url&quot;:&quot;https:\\\/\\\/barciudadela.com\\\/wp-content\\\/uploads\\\/2025\\\/10\\\/banner-3-1.jpg&quot;},{&quot;id&quot;:177,&quot;url&quot;:&quot;https:\\\/\\\/barciudadela.com\\\/wp-content\\\/uploads\\\/2025\\\/10\\\/banner-2-1.jpg&quot;},{&quot;id&quot;:178,&quot;url&quot;:&quot;https:\\\/\\\/barciudadela.com\\\/wp-content\\\/uploads\\\/2025\\\/10\\\/banner-1.jpg&quot;}],&quot;background_slideshow_ken_burns&quot;:&quot;yes&quot;,&quot;background_slideshow_loop&quot;:&quot;yes&quot;,&quot;background_slideshow_slide_duration&quot;:5000,&quot;background_slideshow_slide_transition&quot;:&quot;fade&quot;,&quot;background_slideshow_transition_duration&quot;:500,&quot;background_slideshow_ken_burns_zoom_direction&quot;:&quot;in&quot;}\">\n\t\t\t\t\t<div class=\"e-con-inner\">\n\t\t\t\t<div class=\"elementor-element elementor-element-03d2593 animated-slow elementor-invisible elementor-widget elementor-widget-heading\" data-id=\"03d2593\" data-element_type=\"widget\" data-e-type=\"widget\" data-settings=\"{&quot;_animation&quot;:&quot;fadeInRight&quot;}\" data-widget_type=\"heading.default\">\n\t\t\t\t\t<h2 class=\"elementor-heading-title elementor-size-default\">Bar ciudadela<\/h2>\t\t\t\t<\/div>\n\t\t\t\t<div class=\"elementor-element elementor-element-1ccf9ee animated-slow elementor-invisible elementor-widget elementor-widget-text-editor\" data-id=\"1ccf9ee\" data-element_type=\"widget\" data-e-type=\"widget\" data-settings=\"{&quot;_animation&quot;:&quot;fadeInRight&quot;,&quot;_animation_delay&quot;:200}\" data-widget_type=\"text-editor.default\">\n\t\t\t\t\t\t\t\t\t<p><strong data-start=\"10\" data-end=\"52\">Cafeter\u00eda, pintxos variados y c\u00f3cteles<\/strong> para todos los gustos.<\/p>\t\t\t\t\t\t\t\t<\/div>\n\t\t\t\t\t<\/div>\n\t\t\t\t<\/div>\n\t\t<div class=\"elementor-element elementor-element-dc1e0c5 e-flex e-con-boxed e-con e-parent\" data-id=\"dc1e0c5\" data-element_type=\"container\" data-e-type=\"container\">\n\t\t\t\t\t<div class=\"e-con-inner\">\n\t\t<div class=\"elementor-element elementor-element-0ab2a8c e-con-full e-flex e-con e-child\" data-id=\"0ab2a8c\" data-element_type=\"container\" data-e-type=\"container\">\n\t\t\t\t<div class=\"elementor-element elementor-element-9877bc9 elementor-widget elementor-widget-heading\" data-id=\"9877bc9\" data-element_type=\"widget\" data-e-type=\"widget\" data-widget_type=\"heading.default\">\n\t\t\t\t\t<h2 class=\"elementor-heading-title elementor-size-default\">Sobre nosotros<\/h2>\t\t\t\t<\/div>\n\t\t\t\t<div class=\"elementor-element elementor-element-3097774 elementor-widget elementor-widget-text-editor\" data-id=\"3097774\" data-element_type=\"widget\" data-e-type=\"widget\" data-widget_type=\"text-editor.default\">\n\t\t\t\t\t\t\t\t\t<p>En Bar Ciudadela encontrar\u00e1s un espacio acogedor en el coraz\u00f3n de Bilbao, donde el buen ambiente se combina con el sabor aut\u00e9ntico de nuestra tierra.<br \/>Ofrecemos cafeter\u00eda, pintxos variados elaborados con productos frescos, y una selecci\u00f3n especial de c\u00f3cteles perfectos para cualquier momento del d\u00eda.<\/p>\n<p>Nuestro objetivo es que cada visita sea una experiencia agradable: desde el caf\u00e9 de la ma\u00f1ana hasta el \u00faltimo brindis de la noche.<\/p>\n<p>Ven, disfruta y si\u00e9ntete como en casa en Bar Ciudadela \u2014 tu punto de encuentro en Bilbao.<\/p>\t\t\t\t\t\t\t\t<\/div>\n\t\t\t\t<\/div>\n\t\t<div class=\"elementor-element elementor-element-268dc11 e-con-full e-flex e-con e-child\" data-id=\"268dc11\" data-element_type=\"container\" data-e-type=\"container\">\n\t\t\t\t<div class=\"elementor-element elementor-element-4cc3a6b elementor-widget elementor-widget-image\" data-id=\"4cc3a6b\" data-element_type=\"widget\" data-e-type=\"widget\" data-widget_type=\"image.default\">\n\t\t\t\t\t\t\t\t\t\t\t\t\t\t\t<img fetchpriority=\"high\" decoding=\"async\" width=\"800\" height=\"534\" src=\"https:\/\/barciudadela.com\/wp-content\/uploads\/2025\/10\/banner-4-1024x684.jpg\" class=\"attachment-large size-large wp-image-194\" alt=\"\" srcset=\"https:\/\/barciudadela.com\/wp-content\/uploads\/2025\/10\/banner-4-1024x684.jpg 1024w, https:\/\/barciudadela.com\/wp-content\/uploads\/2025\/10\/banner-4-300x200.jpg 300w, https:\/\/barciudadela.com\/wp-content\/uploads\/2025\/10\/banner-4-768x513.jpg 768w, https:\/\/barciudadela.com\/wp-content\/uploads\/2025\/10\/banner-4-1536x1026.jpg 1536w, https:\/\/barciudadela.com\/wp-content\/uploads\/2025\/10\/banner-4-18x12.jpg 18w, https:\/\/barciudadela.com\/wp-content\/uploads\/2025\/10\/banner-4.jpg 1600w\" sizes=\"(max-width: 800px) 100vw, 800px\" \/>\t\t\t\t\t\t\t\t\t\t\t\t\t\t\t<\/div>\n\t\t\t\t<\/div>\n\t\t\t\t\t<\/div>\n\t\t\t\t<\/div>\n\t\t\t\t<section class=\"elementor-section elementor-top-section elementor-element elementor-element-0bd1e09 elementor-section-boxed elementor-section-height-default elementor-section-height-default\" data-id=\"0bd1e09\" data-element_type=\"section\" data-e-type=\"section\" data-settings=\"{&quot;background_background&quot;:&quot;classic&quot;}\">\n\t\t\t\t\t\t\t<div class=\"elementor-background-overlay\"><\/div>\n\t\t\t\t\t\t\t<div class=\"elementor-container elementor-column-gap-default\">\n\t\t\t\t\t<div class=\"elementor-column elementor-col-100 elementor-top-column elementor-element elementor-element-ed678d4\" data-id=\"ed678d4\" data-element_type=\"column\" data-e-type=\"column\">\n\t\t\t<div class=\"elementor-widget-wrap elementor-element-populated\">\n\t\t\t\t\t\t<div class=\"elementor-element elementor-element-0a44239 elementor-widget elementor-widget-heading\" data-id=\"0a44239\" data-element_type=\"widget\" data-e-type=\"widget\" data-widget_type=\"heading.default\">\n\t\t\t\t\t<h2 class=\"elementor-heading-title elementor-size-default\">Disfruta del momento<\/h2>\t\t\t\t<\/div>\n\t\t\t\t<div class=\"elementor-element elementor-element-495da95 elementor-widget elementor-widget-text-editor\" data-id=\"495da95\" data-element_type=\"widget\" data-e-type=\"widget\" data-widget_type=\"text-editor.default\">\n\t\t\t\t\t\t\t\t\t<p data-start=\"492\" data-end=\"603\">Descubre todo lo que tenemos para ti.<\/p>\t\t\t\t\t\t\t\t<\/div>\n\t\t\t\t<div class=\"elementor-element elementor-element-14f2c6a elementor-align-center elementor-widget elementor-widget-button\" data-id=\"14f2c6a\" data-element_type=\"widget\" data-e-type=\"widget\" data-widget_type=\"button.default\">\n\t\t\t\t\t\t\t\t\t\t<a class=\"elementor-button elementor-button-link elementor-size-sm elementor-animation-hang\" href=\"https:\/\/barciudadela.com\/servicios\/\">\n\t\t\t\t\t\t<span class=\"elementor-button-content-wrapper\">\n\t\t\t\t\t\t\t\t\t<span class=\"elementor-button-text\">Ver servicios<\/span>\n\t\t\t\t\t<\/span>\n\t\t\t\t\t<\/a>\n\t\t\t\t\t\t\t\t<\/div>\n\t\t\t\t\t<\/div>\n\t\t<\/div>\n\t\t\t\t\t<\/div>\n\t\t<\/section>\n\t\t\t\t<\/div>\n\t\t","protected":false},"excerpt":{"rendered":"<p>Bar ciudadela Cafeter\u00eda, pintxos variados y c\u00f3cteles para todos los gustos. Sobre nosotros En Bar Ciudadela encontrar\u00e1s un espacio acogedor en el coraz\u00f3n de Bilbao, donde el buen ambiente se combina con el sabor aut\u00e9ntico de nuestra tierra.Ofrecemos cafeter\u00eda, pintxos variados elaborados con productos frescos, y una selecci\u00f3n especial de c\u00f3cteles perfectos para cualquier momento [&hellip;]<\/p>\n","protected":false},"author":1,"featured_media":0,"parent":0,"menu_order":0,"comment_status":"closed","ping_status":"closed","template":"elementor_canvas","meta":{"footnotes":""},"class_list":["post-2","page","type-page","status-publish","hentry"],"yoast_head":"<!-- This site is optimized with the Yoast SEO plugin v27.3 - https:\/\/yoast.com\/product\/yoast-seo-wordpress\/ -->\n<title>Inicio - Bar Ciudadela<\/title>\n<meta name=\"robots\" content=\"index, follow, max-snippet:-1, max-image-preview:large, max-video-preview:-1\" \/>\n<link rel=\"canonical\" href=\"https:\/\/barciudadela.com\/eu\/\" \/>\n<meta property=\"og:locale\" content=\"en_US\" \/>\n<meta property=\"og:type\" content=\"article\" \/>\n<meta property=\"og:title\" content=\"Inicio - Bar Ciudadela\" \/>\n<meta property=\"og:description\" content=\"Bar ciudadela Cafeter\u00eda, pintxos variados y c\u00f3cteles para todos los gustos. Sobre nosotros En Bar Ciudadela encontrar\u00e1s un espacio acogedor en el coraz\u00f3n de Bilbao, donde el buen ambiente se combina con el sabor aut\u00e9ntico de nuestra tierra.Ofrecemos cafeter\u00eda, pintxos variados elaborados con productos frescos, y una selecci\u00f3n especial de c\u00f3cteles perfectos para cualquier momento [&hellip;]\" \/>\n<meta property=\"og:url\" content=\"https:\/\/barciudadela.com\/eu\/\" \/>\n<meta property=\"og:site_name\" content=\"Bar Ciudadela\" \/>\n<meta property=\"article:modified_time\" content=\"2025-10-30T11:32:14+00:00\" \/>\n<meta property=\"og:image\" content=\"https:\/\/barciudadela.com\/wp-content\/uploads\/2025\/10\/banner-4.jpg\" \/>\n\t<meta property=\"og:image:width\" content=\"1600\" \/>\n\t<meta property=\"og:image:height\" content=\"1069\" \/>\n\t<meta property=\"og:image:type\" content=\"image\/jpeg\" \/>\n<meta name=\"twitter:card\" content=\"summary_large_image\" \/>\n<meta name=\"twitter:label1\" content=\"Est. reading time\" \/>\n\t<meta name=\"twitter:data1\" content=\"1 minutua\" \/>\n<script type=\"application\/ld+json\" class=\"yoast-schema-graph\">{\"@context\":\"https:\\\/\\\/schema.org\",\"@graph\":[{\"@type\":\"WebPage\",\"@id\":\"https:\\\/\\\/barciudadela.com\\\/\",\"url\":\"https:\\\/\\\/barciudadela.com\\\/\",\"name\":\"Inicio - Bar Ciudadela\",\"isPartOf\":{\"@id\":\"https:\\\/\\\/barciudadela.com\\\/#website\"},\"primaryImageOfPage\":{\"@id\":\"https:\\\/\\\/barciudadela.com\\\/#primaryimage\"},\"image\":{\"@id\":\"https:\\\/\\\/barciudadela.com\\\/#primaryimage\"},\"thumbnailUrl\":\"https:\\\/\\\/barciudadela.com\\\/wp-content\\\/uploads\\\/2025\\\/10\\\/banner-4-1024x684.jpg\",\"datePublished\":\"2025-10-09T13:35:27+00:00\",\"dateModified\":\"2025-10-30T11:32:14+00:00\",\"breadcrumb\":{\"@id\":\"https:\\\/\\\/barciudadela.com\\\/#breadcrumb\"},\"inLanguage\":\"eu\",\"potentialAction\":[{\"@type\":\"ReadAction\",\"target\":[\"https:\\\/\\\/barciudadela.com\\\/\"]}]},{\"@type\":\"ImageObject\",\"inLanguage\":\"eu\",\"@id\":\"https:\\\/\\\/barciudadela.com\\\/#primaryimage\",\"url\":\"https:\\\/\\\/barciudadela.com\\\/wp-content\\\/uploads\\\/2025\\\/10\\\/banner-4-1024x684.jpg\",\"contentUrl\":\"https:\\\/\\\/barciudadela.com\\\/wp-content\\\/uploads\\\/2025\\\/10\\\/banner-4-1024x684.jpg\"},{\"@type\":\"BreadcrumbList\",\"@id\":\"https:\\\/\\\/barciudadela.com\\\/#breadcrumb\",\"itemListElement\":[{\"@type\":\"ListItem\",\"position\":1,\"name\":\"Portada\",\"item\":\"https:\\\/\\\/barciudadela.com\\\/\"},{\"@type\":\"ListItem\",\"position\":2,\"name\":\"Inicio\"}]},{\"@type\":\"WebSite\",\"@id\":\"https:\\\/\\\/barciudadela.com\\\/#website\",\"url\":\"https:\\\/\\\/barciudadela.com\\\/\",\"name\":\"Bar Ciudadela\",\"description\":\"\",\"publisher\":{\"@id\":\"https:\\\/\\\/barciudadela.com\\\/#organization\"},\"potentialAction\":[{\"@type\":\"SearchAction\",\"target\":{\"@type\":\"EntryPoint\",\"urlTemplate\":\"https:\\\/\\\/barciudadela.com\\\/?s={search_term_string}\"},\"query-input\":{\"@type\":\"PropertyValueSpecification\",\"valueRequired\":true,\"valueName\":\"search_term_string\"}}],\"inLanguage\":\"eu\"},{\"@type\":\"Organization\",\"@id\":\"https:\\\/\\\/barciudadela.com\\\/#organization\",\"name\":\"Bar Ciudadela\",\"url\":\"https:\\\/\\\/barciudadela.com\\\/\",\"logo\":{\"@type\":\"ImageObject\",\"inLanguage\":\"eu\",\"@id\":\"https:\\\/\\\/barciudadela.com\\\/#\\\/schema\\\/logo\\\/image\\\/\",\"url\":\"https:\\\/\\\/barciudadela.com\\\/wp-content\\\/uploads\\\/2025\\\/10\\\/cropped-Fisioterapia-general-1.png\",\"contentUrl\":\"https:\\\/\\\/barciudadela.com\\\/wp-content\\\/uploads\\\/2025\\\/10\\\/cropped-Fisioterapia-general-1.png\",\"width\":975,\"height\":983,\"caption\":\"Bar Ciudadela\"},\"image\":{\"@id\":\"https:\\\/\\\/barciudadela.com\\\/#\\\/schema\\\/logo\\\/image\\\/\"}}]}<\/script>\n<!-- \/ Yoast SEO plugin. -->","yoast_head_json":{"title":"Inicio - Bar Ciudadela","robots":{"index":"index","follow":"follow","max-snippet":"max-snippet:-1","max-image-preview":"max-image-preview:large","max-video-preview":"max-video-preview:-1"},"canonical":"https:\/\/barciudadela.com\/eu\/","og_locale":"en_US","og_type":"article","og_title":"Inicio - Bar Ciudadela","og_description":"Bar ciudadela Cafeter\u00eda, pintxos variados y c\u00f3cteles para todos los gustos. Sobre nosotros En Bar Ciudadela encontrar\u00e1s un espacio acogedor en el coraz\u00f3n de Bilbao, donde el buen ambiente se combina con el sabor aut\u00e9ntico de nuestra tierra.Ofrecemos cafeter\u00eda, pintxos variados elaborados con productos frescos, y una selecci\u00f3n especial de c\u00f3cteles perfectos para cualquier momento [&hellip;]","og_url":"https:\/\/barciudadela.com\/eu\/","og_site_name":"Bar Ciudadela","article_modified_time":"2025-10-30T11:32:14+00:00","og_image":[{"width":1600,"height":1069,"url":"https:\/\/barciudadela.com\/wp-content\/uploads\/2025\/10\/banner-4.jpg","type":"image\/jpeg"}],"twitter_card":"summary_large_image","twitter_misc":{"Est. reading time":"1 minutua"},"schema":{"@context":"https:\/\/schema.org","@graph":[{"@type":"WebPage","@id":"https:\/\/barciudadela.com\/","url":"https:\/\/barciudadela.com\/","name":"Inicio - Bar Ciudadela","isPartOf":{"@id":"https:\/\/barciudadela.com\/#website"},"primaryImageOfPage":{"@id":"https:\/\/barciudadela.com\/#primaryimage"},"image":{"@id":"https:\/\/barciudadela.com\/#primaryimage"},"thumbnailUrl":"https:\/\/barciudadela.com\/wp-content\/uploads\/2025\/10\/banner-4-1024x684.jpg","datePublished":"2025-10-09T13:35:27+00:00","dateModified":"2025-10-30T11:32:14+00:00","breadcrumb":{"@id":"https:\/\/barciudadela.com\/#breadcrumb"},"inLanguage":"eu","potentialAction":[{"@type":"ReadAction","target":["https:\/\/barciudadela.com\/"]}]},{"@type":"ImageObject","inLanguage":"eu","@id":"https:\/\/barciudadela.com\/#primaryimage","url":"https:\/\/barciudadela.com\/wp-content\/uploads\/2025\/10\/banner-4-1024x684.jpg","contentUrl":"https:\/\/barciudadela.com\/wp-content\/uploads\/2025\/10\/banner-4-1024x684.jpg"},{"@type":"BreadcrumbList","@id":"https:\/\/barciudadela.com\/#breadcrumb","itemListElement":[{"@type":"ListItem","position":1,"name":"Portada","item":"https:\/\/barciudadela.com\/"},{"@type":"ListItem","position":2,"name":"Inicio"}]},{"@type":"WebSite","@id":"https:\/\/barciudadela.com\/#website","url":"https:\/\/barciudadela.com\/","name":"Bar Ciudadela","description":"","publisher":{"@id":"https:\/\/barciudadela.com\/#organization"},"potentialAction":[{"@type":"SearchAction","target":{"@type":"EntryPoint","urlTemplate":"https:\/\/barciudadela.com\/?s={search_term_string}"},"query-input":{"@type":"PropertyValueSpecification","valueRequired":true,"valueName":"search_term_string"}}],"inLanguage":"eu"},{"@type":"Organization","@id":"https:\/\/barciudadela.com\/#organization","name":"Bar Ciudadela","url":"https:\/\/barciudadela.com\/","logo":{"@type":"ImageObject","inLanguage":"eu","@id":"https:\/\/barciudadela.com\/#\/schema\/logo\/image\/","url":"https:\/\/barciudadela.com\/wp-content\/uploads\/2025\/10\/cropped-Fisioterapia-general-1.png","contentUrl":"https:\/\/barciudadela.com\/wp-content\/uploads\/2025\/10\/cropped-Fisioterapia-general-1.png","width":975,"height":983,"caption":"Bar Ciudadela"},"image":{"@id":"https:\/\/barciudadela.com\/#\/schema\/logo\/image\/"}}]}},"_links":{"self":[{"href":"https:\/\/barciudadela.com\/eu\/wp-json\/wp\/v2\/pages\/2","targetHints":{"allow":["GET"]}}],"collection":[{"href":"https:\/\/barciudadela.com\/eu\/wp-json\/wp\/v2\/pages"}],"about":[{"href":"https:\/\/barciudadela.com\/eu\/wp-json\/wp\/v2\/types\/page"}],"author":[{"embeddable":true,"href":"https:\/\/barciudadela.com\/eu\/wp-json\/wp\/v2\/users\/1"}],"replies":[{"embeddable":true,"href":"https:\/\/barciudadela.com\/eu\/wp-json\/wp\/v2\/comments?post=2"}],"version-history":[{"count":64,"href":"https:\/\/barciudadela.com\/eu\/wp-json\/wp\/v2\/pages\/2\/revisions"}],"predecessor-version":[{"id":248,"href":"https:\/\/barciudadela.com\/eu\/wp-json\/wp\/v2\/pages\/2\/revisions\/248"}],"wp:attachment":[{"href":"https:\/\/barciudadela.com\/eu\/wp-json\/wp\/v2\/media?parent=2"}],"curies":[{"name":"wp","href":"https:\/\/api.w.org\/{rel}","templated":true}]}}